{"id":271,"date":"2026-04-15T21:15:40","date_gmt":"2026-04-16T00:15:40","guid":{"rendered":"https:\/\/cidadeemalta.com.br\/?page_id=271"},"modified":"2026-04-15T22:42:04","modified_gmt":"2026-04-16T01:42:04","slug":"pagina-inicial-2","status":"publish","type":"page","link":"https:\/\/cidadeemalta.com.br\/en\/pagina-inicial-2\/","title":{"rendered":"CIDADE EM ALTA \u2013 NOT\u00cdCIAS DE CRUZ ALTA E REGI\u00c3O"},"content":{"rendered":"<div class=\"wp-block-uagb-post-grid uagb-post-grid  uagb-post__image-position-top uagb-post__image-enabled uagb-block-10501b04     uagb-post__items uagb-post__columns-3 is-grid uagb-post__columns-tablet-2 uagb-post__columns-mobile-1 uagb-post__equal-height\" data-total=\"3\" style=\"\">\n\n\t\t\t\t\t\t\t\t\t\t\t\t<article class=\"uagb-post__inner-wrap\">\t\t\t\t\t\t\t\t<div class='uagb-post__image'>\n\t\t\t\t\t\t\t\t\t<a href=\"https:\/\/cidadeemalta.com.br\/en\/46a-coxilha-nativista-e-lancada-oficialmente-em-porto-alegre\/\" target=\"_self\" rel=\"bookmark noopener noreferrer\" class='uagb-image-ratio-inherit'><img loading=\"lazy\" decoding=\"async\" width=\"800\" height=\"450\" src=\"https:\/\/cidadeemalta.com.br\/wp-content\/uploads\/2026\/04\/SITE-RADIO-CIDADE-POSTAGEM-NOTICIAS-4.png\" class=\"attachment-large size-large\" alt=\"\" srcset=\"https:\/\/cidadeemalta.com.br\/wp-content\/uploads\/2026\/04\/SITE-RADIO-CIDADE-POSTAGEM-NOTICIAS-4.png 800w, https:\/\/cidadeemalta.com.br\/wp-content\/uploads\/2026\/04\/SITE-RADIO-CIDADE-POSTAGEM-NOTICIAS-4-300x169.png 300w, https:\/\/cidadeemalta.com.br\/wp-content\/uploads\/2026\/04\/SITE-RADIO-CIDADE-POSTAGEM-NOTICIAS-4-768x432.png 768w, https:\/\/cidadeemalta.com.br\/wp-content\/uploads\/2026\/04\/SITE-RADIO-CIDADE-POSTAGEM-NOTICIAS-4-18x10.png 18w\" sizes=\"auto, (max-width: 800px) 100vw, 800px\" \/>\t\t\t\t\t<\/a>\n\t\t\t\t\t\t\t<\/div>\n\t\t\t\t\t\t<h4 class=\"uagb-post__title uagb-post__text\">\n\t\t\t\t<a href=\"https:\/\/cidadeemalta.com.br\/en\/46a-coxilha-nativista-e-lancada-oficialmente-em-porto-alegre\/\" target=\"_self\" rel=\"bookmark noopener noreferrer\">46\u00aa Coxilha Nativista \u00e9 lan\u00e7ada oficialmente em Porto Alegre<\/a>\n\t\t\t<\/h4>\n\t\t\t\t\t\t<div class='uagb-post__text uagb-post-grid-byline'>\n\t\t\t\t\t\t\t\t<time datetime=\"2026-04-15T19:43:12-03:00\" class=\"uagb-post__date\">\n\t\t\t\t<span class=\"dashicons-calendar dashicons\"><\/span>\t\t\t\t\t15 de April de 2026\t\t\t\t<\/time>\n\t\t\t\t\t\t\t<span class=\"uagb-post__comment\">\n\t\t\t\t<span class=\"dashicons-admin-comments dashicons\"><\/span>\t\t\t\t\tNo Comments\t\t\t\t<\/span>\n\t\t\t\t\t\t<\/div>\n\t\t\t\t\t\t\t<div class='uagb-post__text uagb-post__excerpt'>\n\t\t\t\t\t<p>A 46\u00aa edi\u00e7\u00e3o da Coxilha Nativista de Cruz Alta (RS) foi oficialmente lan\u00e7ada na noite&#8230;\t\t\t\t<\/div>\n\t\t\t\t\t\t<div class=\"uagb-post__text uagb-post__cta wp-block-button\">\n\t\t\t\t<a class=\"wp-block-button__link uagb-text-link\" style=\"\" href=\"https:\/\/cidadeemalta.com.br\/en\/46a-coxilha-nativista-e-lancada-oficialmente-em-porto-alegre\/\" target=\"_self\" rel=\"bookmark noopener noreferrer\">Read More<\/a>\n\t\t\t<\/div>\n\t\t\t\n\t\t\t\t\t\t\t\t\t<\/article>\n\t\t\t\t\t\t\t\t\t\t\t\t\t\t\t\t<article class=\"uagb-post__inner-wrap\">\t\t\t\t\t\t\t\t<div class='uagb-post__image'>\n\t\t\t\t\t\t\t\t\t<a href=\"https:\/\/cidadeemalta.com.br\/en\/investigacao-em-andamento-em-cruz-alta\/\" target=\"_self\" rel=\"bookmark noopener noreferrer\" class='uagb-image-ratio-inherit'><img loading=\"lazy\" decoding=\"async\" width=\"720\" height=\"517\" src=\"https:\/\/cidadeemalta.com.br\/wp-content\/uploads\/2026\/04\/1776244282_69df563a499ce.jpg\" class=\"attachment-large size-large\" alt=\"\" srcset=\"https:\/\/cidadeemalta.com.br\/wp-content\/uploads\/2026\/04\/1776244282_69df563a499ce.jpg 720w, https:\/\/cidadeemalta.com.br\/wp-content\/uploads\/2026\/04\/1776244282_69df563a499ce-300x215.jpg 300w, https:\/\/cidadeemalta.com.br\/wp-content\/uploads\/2026\/04\/1776244282_69df563a499ce-18x12.jpg 18w\" sizes=\"auto, (max-width: 720px) 100vw, 720px\" \/>\t\t\t\t\t<\/a>\n\t\t\t\t\t\t\t<\/div>\n\t\t\t\t\t\t<h4 class=\"uagb-post__title uagb-post__text\">\n\t\t\t\t<a href=\"https:\/\/cidadeemalta.com.br\/en\/investigacao-em-andamento-em-cruz-alta\/\" target=\"_self\" rel=\"bookmark noopener noreferrer\">INVESTIGA\u00c7\u00c3O EM ANDAMENTO EM CRUZ ALTA<\/a>\n\t\t\t<\/h4>\n\t\t\t\t\t\t<div class='uagb-post__text uagb-post-grid-byline'>\n\t\t\t\t\t\t\t\t<time datetime=\"2026-04-15T19:04:53-03:00\" class=\"uagb-post__date\">\n\t\t\t\t<span class=\"dashicons-calendar dashicons\"><\/span>\t\t\t\t\t15 de April de 2026\t\t\t\t<\/time>\n\t\t\t\t\t\t\t<span class=\"uagb-post__comment\">\n\t\t\t\t<span class=\"dashicons-admin-comments dashicons\"><\/span>\t\t\t\t\tNo Comments\t\t\t\t<\/span>\n\t\t\t\t\t\t<\/div>\n\t\t\t\t\t\t\t<div class='uagb-post__text uagb-post__excerpt'>\n\t\t\t\t\t<p>A Pol\u00edcia Civil de Cruz Alta est\u00e1 apurando um caso de poss\u00edvel furto envolvendo medicamentos&#8230;\t\t\t\t<\/div>\n\t\t\t\t\t\t<div class=\"uagb-post__text uagb-post__cta wp-block-button\">\n\t\t\t\t<a class=\"wp-block-button__link uagb-text-link\" style=\"\" href=\"https:\/\/cidadeemalta.com.br\/en\/investigacao-em-andamento-em-cruz-alta\/\" target=\"_self\" rel=\"bookmark noopener noreferrer\">Read More<\/a>\n\t\t\t<\/div>\n\t\t\t\n\t\t\t\t\t\t\t\t\t<\/article>\n\t\t\t\t\t\t\t\t\t\t\t\t\t\t\t\t<article class=\"uagb-post__inner-wrap\">\t\t\t\t\t\t\t\t<div class='uagb-post__image'>\n\t\t\t\t\t\t\t\t\t<a href=\"https:\/\/cidadeemalta.com.br\/en\/decrab-de-cruz-alta-inicia-nova-fase-com-mudanca-para-sede-mais-estrategica\/\" target=\"_self\" rel=\"bookmark noopener noreferrer\" class='uagb-image-ratio-inherit'><img loading=\"lazy\" decoding=\"async\" width=\"800\" height=\"450\" src=\"https:\/\/cidadeemalta.com.br\/wp-content\/uploads\/2026\/04\/decrabe-1-1.png\" class=\"attachment-large size-large\" alt=\"\" srcset=\"https:\/\/cidadeemalta.com.br\/wp-content\/uploads\/2026\/04\/decrabe-1-1.png 800w, https:\/\/cidadeemalta.com.br\/wp-content\/uploads\/2026\/04\/decrabe-1-1-300x169.png 300w, https:\/\/cidadeemalta.com.br\/wp-content\/uploads\/2026\/04\/decrabe-1-1-768x432.png 768w, https:\/\/cidadeemalta.com.br\/wp-content\/uploads\/2026\/04\/decrabe-1-1-18x10.png 18w\" sizes=\"auto, (max-width: 800px) 100vw, 800px\" \/>\t\t\t\t\t<\/a>\n\t\t\t\t\t\t\t<\/div>\n\t\t\t\t\t\t<h4 class=\"uagb-post__title uagb-post__text\">\n\t\t\t\t<a href=\"https:\/\/cidadeemalta.com.br\/en\/decrab-de-cruz-alta-inicia-nova-fase-com-mudanca-para-sede-mais-estrategica\/\" target=\"_self\" rel=\"bookmark noopener noreferrer\">DECRAB de Cruz Alta inicia nova fase com mudan\u00e7a para sede mais estrat\u00e9gica<\/a>\n\t\t\t<\/h4>\n\t\t\t\t\t\t<div class='uagb-post__text uagb-post-grid-byline'>\n\t\t\t\t\t\t\t\t<time datetime=\"2026-04-10T18:42:40-03:00\" class=\"uagb-post__date\">\n\t\t\t\t<span class=\"dashicons-calendar dashicons\"><\/span>\t\t\t\t\t10 de April de 2026\t\t\t\t<\/time>\n\t\t\t\t\t\t\t<span class=\"uagb-post__comment\">\n\t\t\t\t<span class=\"dashicons-admin-comments dashicons\"><\/span>\t\t\t\t\tNo Comments\t\t\t\t<\/span>\n\t\t\t\t\t\t<\/div>\n\t\t\t\t\t\t\t<div class='uagb-post__text uagb-post__excerpt'>\n\t\t\t\t\t<p>Cruz Alta (RS) \u2013 A 4\u00aa Delegacia de Pol\u00edcia Especializada na Repress\u00e3o aos Crimes Rurais&#8230;\t\t\t\t<\/div>\n\t\t\t\t\t\t<div class=\"uagb-post__text uagb-post__cta wp-block-button\">\n\t\t\t\t<a class=\"wp-block-button__link uagb-text-link\" style=\"\" href=\"https:\/\/cidadeemalta.com.br\/en\/decrab-de-cruz-alta-inicia-nova-fase-com-mudanca-para-sede-mais-estrategica\/\" target=\"_self\" rel=\"bookmark noopener noreferrer\">Read More<\/a>\n\t\t\t<\/div>\n\t\t\t\n\t\t\t\t\t\t\t\t\t<\/article>\n\t\t\t\t\t\t\t\t\t\t\t\t\t\t\t\t<article class=\"uagb-post__inner-wrap\">\t\t\t\t\t\t\t\t<div class='uagb-post__image'>\n\t\t\t\t\t\t\t\t\t<a href=\"https:\/\/cidadeemalta.com.br\/en\/voce-sabia-que-cruz-alta-foi-palco-de-uma-das-historias-mais-marcantes-do-periodo-missioneiro-no-sul-do-brasil\/\" target=\"_self\" rel=\"bookmark noopener noreferrer\" class='uagb-image-ratio-inherit'><img loading=\"lazy\" decoding=\"async\" width=\"800\" height=\"450\" src=\"https:\/\/cidadeemalta.com.br\/wp-content\/uploads\/2026\/04\/3.png\" class=\"attachment-large size-large\" alt=\"\" srcset=\"https:\/\/cidadeemalta.com.br\/wp-content\/uploads\/2026\/04\/3.png 800w, https:\/\/cidadeemalta.com.br\/wp-content\/uploads\/2026\/04\/3-300x169.png 300w, https:\/\/cidadeemalta.com.br\/wp-content\/uploads\/2026\/04\/3-768x432.png 768w, https:\/\/cidadeemalta.com.br\/wp-content\/uploads\/2026\/04\/3-18x10.png 18w\" sizes=\"auto, (max-width: 800px) 100vw, 800px\" \/>\t\t\t\t\t<\/a>\n\t\t\t\t\t\t\t<\/div>\n\t\t\t\t\t\t<h4 class=\"uagb-post__title uagb-post__text\">\n\t\t\t\t<a href=\"https:\/\/cidadeemalta.com.br\/en\/voce-sabia-que-cruz-alta-foi-palco-de-uma-das-historias-mais-marcantes-do-periodo-missioneiro-no-sul-do-brasil\/\" target=\"_self\" rel=\"bookmark noopener noreferrer\">Voc\u00ea sabia que Cruz Alta foi palco de uma das hist\u00f3rias mais marcantes do per\u00edodo missioneiro no sul do Brasil?<\/a>\n\t\t\t<\/h4>\n\t\t\t\t\t\t<div class='uagb-post__text uagb-post-grid-byline'>\n\t\t\t\t\t\t\t\t<time datetime=\"2026-04-02T10:34:15-03:00\" class=\"uagb-post__date\">\n\t\t\t\t<span class=\"dashicons-calendar dashicons\"><\/span>\t\t\t\t\t2 de April de 2026\t\t\t\t<\/time>\n\t\t\t\t\t\t\t<span class=\"uagb-post__comment\">\n\t\t\t\t<span class=\"dashicons-admin-comments dashicons\"><\/span>\t\t\t\t\tNo Comments\t\t\t\t<\/span>\n\t\t\t\t\t\t<\/div>\n\t\t\t\t\t\t\t<div class='uagb-post__text uagb-post__excerpt'>\n\t\t\t\t\t<p>VOC\u00ca SABIA? Cruz Alta j\u00e1 teve um sino de 1726 que marcou a hist\u00f3ria da&#8230;\t\t\t\t<\/div>\n\t\t\t\t\t\t<div class=\"uagb-post__text uagb-post__cta wp-block-button\">\n\t\t\t\t<a class=\"wp-block-button__link uagb-text-link\" style=\"\" href=\"https:\/\/cidadeemalta.com.br\/en\/voce-sabia-que-cruz-alta-foi-palco-de-uma-das-historias-mais-marcantes-do-periodo-missioneiro-no-sul-do-brasil\/\" target=\"_self\" rel=\"bookmark noopener noreferrer\">Read More<\/a>\n\t\t\t<\/div>\n\t\t\t\n\t\t\t\t\t\t\t\t\t<\/article>\n\t\t\t\t\t\t\t\t\t\t\t\t\t\t\t\t<article class=\"uagb-post__inner-wrap\">\t\t\t\t\t\t\t\t<div class='uagb-post__image'>\n\t\t\t\t\t\t\t\t\t<a href=\"https:\/\/cidadeemalta.com.br\/en\/exercito-brasileiro-tem-sua-primeira-mulher-general-em-marco-historico-para-a-instituicao\/\" target=\"_self\" rel=\"bookmark noopener noreferrer\" class='uagb-image-ratio-inherit'><img loading=\"lazy\" decoding=\"async\" width=\"986\" height=\"722\" src=\"https:\/\/cidadeemalta.com.br\/wp-content\/uploads\/2026\/04\/662236031_1572327694892856_6559130803651050732_n.jpg\" class=\"attachment-large size-large\" alt=\"\" srcset=\"https:\/\/cidadeemalta.com.br\/wp-content\/uploads\/2026\/04\/662236031_1572327694892856_6559130803651050732_n.jpg 986w, https:\/\/cidadeemalta.com.br\/wp-content\/uploads\/2026\/04\/662236031_1572327694892856_6559130803651050732_n-300x220.jpg 300w, https:\/\/cidadeemalta.com.br\/wp-content\/uploads\/2026\/04\/662236031_1572327694892856_6559130803651050732_n-768x562.jpg 768w, https:\/\/cidadeemalta.com.br\/wp-content\/uploads\/2026\/04\/662236031_1572327694892856_6559130803651050732_n-16x12.jpg 16w\" sizes=\"auto, (max-width: 986px) 100vw, 986px\" \/>\t\t\t\t\t<\/a>\n\t\t\t\t\t\t\t<\/div>\n\t\t\t\t\t\t<h4 class=\"uagb-post__title uagb-post__text\">\n\t\t\t\t<a href=\"https:\/\/cidadeemalta.com.br\/en\/exercito-brasileiro-tem-sua-primeira-mulher-general-em-marco-historico-para-a-instituicao\/\" target=\"_self\" rel=\"bookmark noopener noreferrer\">Ex\u00e9rcito Brasileiro tem sua primeira mulher general em marco hist\u00f3rico para a institui\u00e7\u00e3o<\/a>\n\t\t\t<\/h4>\n\t\t\t\t\t\t<div class='uagb-post__text uagb-post-grid-byline'>\n\t\t\t\t\t\t\t\t<time datetime=\"2026-04-02T10:26:10-03:00\" class=\"uagb-post__date\">\n\t\t\t\t<span class=\"dashicons-calendar dashicons\"><\/span>\t\t\t\t\t2 de April de 2026\t\t\t\t<\/time>\n\t\t\t\t\t\t\t<span class=\"uagb-post__comment\">\n\t\t\t\t<span class=\"dashicons-admin-comments dashicons\"><\/span>\t\t\t\t\tNo Comments\t\t\t\t<\/span>\n\t\t\t\t\t\t<\/div>\n\t\t\t\t\t\t\t<div class='uagb-post__text uagb-post__excerpt'>\n\t\t\t\t\t<p>A m\u00e9dica Cl\u00e1udia Lima Gusm\u00e3o Cacho entrou para a hist\u00f3ria nesta quarta-feira, 1\u00ba de abril&#8230;\t\t\t\t<\/div>\n\t\t\t\t\t\t<div class=\"uagb-post__text uagb-post__cta wp-block-button\">\n\t\t\t\t<a class=\"wp-block-button__link uagb-text-link\" style=\"\" href=\"https:\/\/cidadeemalta.com.br\/en\/exercito-brasileiro-tem-sua-primeira-mulher-general-em-marco-historico-para-a-instituicao\/\" target=\"_self\" rel=\"bookmark noopener noreferrer\">Read More<\/a>\n\t\t\t<\/div>\n\t\t\t\n\t\t\t\t\t\t\t\t\t<\/article>\n\t\t\t\t\t\t\t\t\t\t\t\t\t\t\t\t<article class=\"uagb-post__inner-wrap\">\t\t\t\t\t\t\t\t<div class='uagb-post__image'>\n\t\t\t\t\t\t\t\t\t<a href=\"https:\/\/cidadeemalta.com.br\/en\/passagem-ferroviaria-e-finalmente-concluida-e-traz-mais-seguranca-em-cruz-alta\/\" target=\"_self\" rel=\"bookmark noopener noreferrer\" class='uagb-image-ratio-inherit'><img loading=\"lazy\" decoding=\"async\" width=\"1024\" height=\"578\" src=\"https:\/\/cidadeemalta.com.br\/wp-content\/uploads\/2026\/04\/660848045_1572334441558848_469438568838954683_n-1024x578.jpg\" class=\"attachment-large size-large\" alt=\"\" srcset=\"https:\/\/cidadeemalta.com.br\/wp-content\/uploads\/2026\/04\/660848045_1572334441558848_469438568838954683_n-1024x578.jpg 1024w, https:\/\/cidadeemalta.com.br\/wp-content\/uploads\/2026\/04\/660848045_1572334441558848_469438568838954683_n-300x169.jpg 300w, https:\/\/cidadeemalta.com.br\/wp-content\/uploads\/2026\/04\/660848045_1572334441558848_469438568838954683_n-768x433.jpg 768w, https:\/\/cidadeemalta.com.br\/wp-content\/uploads\/2026\/04\/660848045_1572334441558848_469438568838954683_n-1536x866.jpg 1536w, https:\/\/cidadeemalta.com.br\/wp-content\/uploads\/2026\/04\/660848045_1572334441558848_469438568838954683_n-18x10.jpg 18w, https:\/\/cidadeemalta.com.br\/wp-content\/uploads\/2026\/04\/660848045_1572334441558848_469438568838954683_n.jpg 2048w\" sizes=\"auto, (max-width: 1024px) 100vw, 1024px\" \/>\t\t\t\t\t<\/a>\n\t\t\t\t\t\t\t<\/div>\n\t\t\t\t\t\t<h4 class=\"uagb-post__title uagb-post__text\">\n\t\t\t\t<a href=\"https:\/\/cidadeemalta.com.br\/en\/passagem-ferroviaria-e-finalmente-concluida-e-traz-mais-seguranca-em-cruz-alta\/\" target=\"_self\" rel=\"bookmark noopener noreferrer\">PASSAGEM FERROVI\u00c1RIA \u00c9 FINALMENTE CONCLU\u00cdDA E TRAZ MAIS SEGURAN\u00c7A EM Cruz Alta<\/a>\n\t\t\t<\/h4>\n\t\t\t\t\t\t<div class='uagb-post__text uagb-post-grid-byline'>\n\t\t\t\t\t\t\t\t<time datetime=\"2026-04-02T10:19:51-03:00\" class=\"uagb-post__date\">\n\t\t\t\t<span class=\"dashicons-calendar dashicons\"><\/span>\t\t\t\t\t2 de April de 2026\t\t\t\t<\/time>\n\t\t\t\t\t\t\t<span class=\"uagb-post__comment\">\n\t\t\t\t<span class=\"dashicons-admin-comments dashicons\"><\/span>\t\t\t\t\tNo Comments\t\t\t\t<\/span>\n\t\t\t\t\t\t<\/div>\n\t\t\t\t\t\t\t<div class='uagb-post__text uagb-post__excerpt'>\n\t\t\t\t\t<p>Ap\u00f3s semanas de preocupa\u00e7\u00e3o por parte de motoristas e da comunidade, a passagem de n\u00edvel&#8230;\t\t\t\t<\/div>\n\t\t\t\t\t\t<div class=\"uagb-post__text uagb-post__cta wp-block-button\">\n\t\t\t\t<a class=\"wp-block-button__link uagb-text-link\" style=\"\" href=\"https:\/\/cidadeemalta.com.br\/en\/passagem-ferroviaria-e-finalmente-concluida-e-traz-mais-seguranca-em-cruz-alta\/\" target=\"_self\" rel=\"bookmark noopener noreferrer\">Read More<\/a>\n\t\t\t<\/div>\n\t\t\t\n\t\t\t\t\t\t\t\t\t<\/article>\n\t\t\t\t\t\t\t\t\t\t\t<\/div>","protected":false},"excerpt":{"rendered":"","protected":false},"author":1,"featured_media":0,"parent":0,"menu_order":0,"comment_status":"closed","ping_status":"closed","template":"","meta":{"_uag_custom_page_level_css":"","_monsterinsights_skip_tracking":false,"_monsterinsights_sitenote_active":false,"_monsterinsights_sitenote_note":"","_monsterinsights_sitenote_category":0,"site-sidebar-layout":"default","site-content-layout":"","ast-site-content-layout":"default","site-content-style":"default","site-sidebar-style":"default","ast-global-header-display":"","ast-banner-title-visibility":"","ast-main-header-display":"","ast-hfb-above-header-display":"","ast-hfb-below-header-display":"","ast-hfb-mobile-header-display":"","site-post-title":"","ast-breadcrumbs-content":"","ast-featured-img":"","footer-sml-layout":"","ast-disable-related-posts":"","theme-transparent-header-meta":"","adv-header-id-meta":"","stick-header-meta":"","header-above-stick-meta":"","header-main-stick-meta":"","header-below-stick-meta":"","astra-migrate-meta-layouts":"default","ast-page-background-enabled":"default","ast-page-background-meta":{"desktop":{"background-color":"var(--ast-global-color-5)","background-image":"","background-repeat":"repeat","background-position":"center center","background-size":"auto","background-attachment":"scroll","background-type":"","background-media":"","overlay-type":"","overlay-color":"","overlay-opacity":"","overlay-gradient":""},"tablet":{"background-color":"","background-image":"","background-repeat":"repeat","background-position":"center center","background-size":"auto","background-attachment":"scroll","background-type":"","background-media":"","overlay-type":"","overlay-color":"","overlay-opacity":"","overlay-gradient":""},"mobile":{"background-color":"","background-image":"","background-repeat":"repeat","background-position":"center center","background-size":"auto","background-attachment":"scroll","background-type":"","background-media":"","overlay-type":"","overlay-color":"","overlay-opacity":"","overlay-gradient":""}},"ast-content-background-meta":{"desktop":{"background-color":"var(--ast-global-color-4)","background-image":"","background-repeat":"repeat","background-position":"center center","background-size":"auto","background-attachment":"scroll","background-type":"","background-media":"","overlay-type":"","overlay-color":"","overlay-opacity":"","overlay-gradient":""},"tablet":{"background-color":"var(--ast-global-color-4)","background-image":"","background-repeat":"repeat","background-position":"center center","background-size":"auto","background-attachment":"scroll","background-type":"","background-media":"","overlay-type":"","overlay-color":"","overlay-opacity":"","overlay-gradient":""},"mobile":{"background-color":"var(--ast-global-color-4)","background-image":"","background-repeat":"repeat","background-position":"center center","background-size":"auto","background-attachment":"scroll","background-type":"","background-media":"","overlay-type":"","overlay-color":"","overlay-opacity":"","overlay-gradient":""}},"footnotes":""},"class_list":["post-271","page","type-page","status-publish","hentry"],"aioseo_notices":[],"uagb_featured_image_src":{"full":false,"thumbnail":false,"medium":false,"medium_large":false,"large":false,"1536x1536":false,"2048x2048":false,"trp-custom-language-flag":false},"uagb_author_info":{"display_name":"cidadeemalta2026","author_link":"https:\/\/cidadeemalta.com.br\/en\/author\/cidadeemalta2026\/"},"uagb_comment_info":0,"uagb_excerpt":null,"_links":{"self":[{"href":"https:\/\/cidadeemalta.com.br\/en\/wp-json\/wp\/v2\/pages\/271","targetHints":{"allow":["GET"]}}],"collection":[{"href":"https:\/\/cidadeemalta.com.br\/en\/wp-json\/wp\/v2\/pages"}],"about":[{"href":"https:\/\/cidadeemalta.com.br\/en\/wp-json\/wp\/v2\/types\/page"}],"author":[{"embeddable":true,"href":"https:\/\/cidadeemalta.com.br\/en\/wp-json\/wp\/v2\/users\/1"}],"replies":[{"embeddable":true,"href":"https:\/\/cidadeemalta.com.br\/en\/wp-json\/wp\/v2\/comments?post=271"}],"version-history":[{"count":6,"href":"https:\/\/cidadeemalta.com.br\/en\/wp-json\/wp\/v2\/pages\/271\/revisions"}],"predecessor-version":[{"id":286,"href":"https:\/\/cidadeemalta.com.br\/en\/wp-json\/wp\/v2\/pages\/271\/revisions\/286"}],"wp:attachment":[{"href":"https:\/\/cidadeemalta.com.br\/en\/wp-json\/wp\/v2\/media?parent=271"}],"curies":[{"name":"wp","href":"https:\/\/api.w.org\/{rel}","templated":true}]}}